{"id":1700,"date":"2025-06-05T13:04:20","date_gmt":"2025-06-05T13:04:20","guid":{"rendered":"https:\/\/sdmb.si\/?page_id=1700"},"modified":"2025-11-21T15:21:40","modified_gmt":"2025-11-21T15:21:40","slug":"zalozniska-dejavnost","status":"publish","type":"page","link":"https:\/\/sdmb.si\/en\/zalozniska-dejavnost\/","title":{"rendered":"Zalo\u017eni\u0161ka dejavnost"},"content":{"rendered":"<div data-elementor-type=\"wp-page\" data-elementor-id=\"1700\" class=\"elementor elementor-1700\" data-elementor-post-type=\"page\">\n\t\t\t\t<div data-particle_enable=\"false\" data-particle-mobile-disabled=\"false\" class=\"elementor-element elementor-element-3fcdfa3 e-con-full e-flex e-con e-parent\" data-id=\"3fcdfa3\" data-element_type=\"container\" data-settings=\"{&quot;background_background&quot;:&quot;classic&quot;,&quot;ekit_has_onepagescroll_dot&quot;:&quot;yes&quot;}\">\n\t\t\t\t<div class=\"elementor-element elementor-element-d848e24 elementor-widget__width-initial elementor-absolute elementor-widget-tablet__width-initial elementor-widget-mobile_extra__width-initial elementor-widget elementor-widget-spacer\" data-id=\"d848e24\" data-element_type=\"widget\" data-settings=\"{&quot;_position&quot;:&quot;absolute&quot;,&quot;ekit_we_effect_on&quot;:&quot;none&quot;}\" data-widget_type=\"spacer.default\">\n\t\t\t\t<div class=\"elementor-widget-container\">\n\t\t\t\t\t\t\t<div class=\"elementor-spacer\">\n\t\t\t<div class=\"elementor-spacer-inner\"><\/div>\n\t\t<\/div>\n\t\t\t\t\t\t<\/div>\n\t\t\t\t<\/div>\n\t\t<div data-particle_enable=\"false\" data-particle-mobile-disabled=\"false\" class=\"elementor-element elementor-element-9a48cef e-flex e-con-boxed e-con e-child\" data-id=\"9a48cef\" data-element_type=\"container\" data-settings=\"{&quot;ekit_has_onepagescroll_dot&quot;:&quot;yes&quot;}\">\n\t\t\t\t\t<div class=\"e-con-inner\">\n\t\t<div data-particle_enable=\"false\" data-particle-mobile-disabled=\"false\" class=\"elementor-element elementor-element-de3ffb3 e-con-full e-flex e-con e-child\" data-id=\"de3ffb3\" data-element_type=\"container\" data-settings=\"{&quot;ekit_has_onepagescroll_dot&quot;:&quot;yes&quot;}\">\n\t\t\t\t<div class=\"elementor-element elementor-element-00915db elementor-icon-list--layout-inline elementor-list-item-link-full_width elementor-widget elementor-widget-icon-list\" data-id=\"00915db\" data-element_type=\"widget\" data-settings=\"{&quot;ekit_we_effect_on&quot;:&quot;none&quot;}\" data-widget_type=\"icon-list.default\">\n\t\t\t\t<div class=\"elementor-widget-container\">\n\t\t\t\t\t\t\t<ul class=\"elementor-icon-list-items elementor-inline-items\">\n\t\t\t\t\t\t\t<li class=\"elementor-icon-list-item elementor-inline-item\">\n\t\t\t\t\t\t\t\t\t\t\t<a href=\"https:\/\/sdmb.si\/en\" aria-label=\"Povezava do naslovne strani domov\" title=\"Povezava do naslovne strani domov\">\n\n\t\t\t\t\t\t\t\t\t\t\t<span class=\"elementor-icon-list-text\">Home<\/span>\n\t\t\t\t\t\t\t\t\t\t\t<\/a>\n\t\t\t\t\t\t\t\t\t<\/li>\n\t\t\t\t\t\t\t\t<li class=\"elementor-icon-list-item elementor-inline-item\">\n\t\t\t\t\t\t\t\t\t\t<span class=\"elementor-icon-list-text\"><\/span>\n\t\t\t\t\t\t\t\t\t<\/li>\n\t\t\t\t\t\t<\/ul>\n\t\t\t\t\t\t<\/div>\n\t\t\t\t<\/div>\n\t\t\t\t<div class=\"elementor-element elementor-element-dcdcd5b elementor-widget elementor-widget-text-editor\" data-id=\"dcdcd5b\" data-element_type=\"widget\" data-settings=\"{&quot;ekit_we_effect_on&quot;:&quot;none&quot;}\" data-widget_type=\"text-editor.default\">\n\t\t\t\t<div class=\"elementor-widget-container\">\n\t\t\t\t\t\t\t\t\t<p>Najbolj znana in v strokovni javnosti odmevna zalo\u017eni\u0161ka dejavnost Slavisti\u010dnega dru\u0161tva Maribor je zagotovo knji\u017ena zbirka Zora. A ta zbirka je imela svojo predhodnico, to je zbirka Piramida.<\/p>\t\t\t\t\t\t\t\t<\/div>\n\t\t\t\t<\/div>\n\t\t\t\t<div class=\"elementor-element elementor-element-a131fed elementor-align-left elementor-widget elementor-widget-button\" data-id=\"a131fed\" data-element_type=\"widget\" data-settings=\"{&quot;ekit_we_effect_on&quot;:&quot;none&quot;}\" aria-label=\"Povezava do strani s podrobnostmi o konferenci 2025, title\" data-widget_type=\"button.default\">\n\t\t\t\t<div class=\"elementor-widget-container\">\n\t\t\t\t\t\t\t\t\t<div class=\"elementor-button-wrapper\">\n\t\t\t\t\t<a class=\"elementor-button elementor-button-link elementor-size-sm\" href=\"#clan2\" aria-label=\"Povezava do strani s podrobnostmi o konferenci 2025\" title=\"Povezava do strani s podrobnostmi o konferenci 2025\">\n\t\t\t\t\t\t<span class=\"elementor-button-content-wrapper\">\n\t\t\t\t\t\t\t\t\t<span class=\"elementor-button-text\">Od leta 2025<\/span>\n\t\t\t\t\t<\/span>\n\t\t\t\t\t<\/a>\n\t\t\t\t<\/div>\n\t\t\t\t\t\t\t\t<\/div>\n\t\t\t\t<\/div>\n\t\t\t\t<\/div>\n\t\t<div data-particle_enable=\"false\" data-particle-mobile-disabled=\"false\" class=\"elementor-element elementor-element-e313f87 e-con-full e-flex e-con e-child\" data-id=\"e313f87\" data-element_type=\"container\" data-settings=\"{&quot;background_background&quot;:&quot;classic&quot;,&quot;ekit_has_onepagescroll_dot&quot;:&quot;yes&quot;}\">\n\t\t\t\t<div class=\"elementor-element elementor-element-cc4c95e elementor-widget__width-initial e-transform elementor-widget-mobile_extra__width-initial elementor-widget elementor-widget-spacer\" data-id=\"cc4c95e\" data-element_type=\"widget\" data-settings=\"{&quot;_transform_translateX_effect&quot;:{&quot;unit&quot;:&quot;px&quot;,&quot;size&quot;:-20,&quot;sizes&quot;:[]},&quot;_transform_translateY_effect&quot;:{&quot;unit&quot;:&quot;px&quot;,&quot;size&quot;:35,&quot;sizes&quot;:[]},&quot;ekit_we_effect_on&quot;:&quot;none&quot;,&quot;_transform_translateX_effect_widescreen&quot;:{&quot;unit&quot;:&quot;px&quot;,&quot;size&quot;:&quot;&quot;,&quot;sizes&quot;:[]},&quot;_transform_translateX_effect_laptop&quot;:{&quot;unit&quot;:&quot;px&quot;,&quot;size&quot;:&quot;&quot;,&quot;sizes&quot;:[]},&quot;_transform_translateX_effect_tablet_extra&quot;:{&quot;unit&quot;:&quot;px&quot;,&quot;size&quot;:&quot;&quot;,&quot;sizes&quot;:[]},&quot;_transform_translateX_effect_tablet&quot;:{&quot;unit&quot;:&quot;px&quot;,&quot;size&quot;:&quot;&quot;,&quot;sizes&quot;:[]},&quot;_transform_translateX_effect_mobile_extra&quot;:{&quot;unit&quot;:&quot;px&quot;,&quot;size&quot;:&quot;&quot;,&quot;sizes&quot;:[]},&quot;_transform_translateX_effect_mobile&quot;:{&quot;unit&quot;:&quot;px&quot;,&quot;size&quot;:&quot;&quot;,&quot;sizes&quot;:[]},&quot;_transform_translateY_effect_widescreen&quot;:{&quot;unit&quot;:&quot;px&quot;,&quot;size&quot;:&quot;&quot;,&quot;sizes&quot;:[]},&quot;_transform_translateY_effect_laptop&quot;:{&quot;unit&quot;:&quot;px&quot;,&quot;size&quot;:&quot;&quot;,&quot;sizes&quot;:[]},&quot;_transform_translateY_effect_tablet_extra&quot;:{&quot;unit&quot;:&quot;px&quot;,&quot;size&quot;:&quot;&quot;,&quot;sizes&quot;:[]},&quot;_transform_translateY_effect_tablet&quot;:{&quot;unit&quot;:&quot;px&quot;,&quot;size&quot;:&quot;&quot;,&quot;sizes&quot;:[]},&quot;_transform_translateY_effect_mobile_extra&quot;:{&quot;unit&quot;:&quot;px&quot;,&quot;size&quot;:&quot;&quot;,&quot;sizes&quot;:[]},&quot;_transform_translateY_effect_mobile&quot;:{&quot;unit&quot;:&quot;px&quot;,&quot;size&quot;:&quot;&quot;,&quot;sizes&quot;:[]}}\" data-widget_type=\"spacer.default\">\n\t\t\t\t<div class=\"elementor-widget-container\">\n\t\t\t\t\t\t\t<div class=\"elementor-spacer\">\n\t\t\t<div class=\"elementor-spacer-inner\"><\/div>\n\t\t<\/div>\n\t\t\t\t\t\t<\/div>\n\t\t\t\t<\/div>\n\t\t\t\t<\/div>\n\t\t\t\t\t<\/div>\n\t\t\t\t<\/div>\n\t\t\t\t<\/div>\n\t\t<div data-particle_enable=\"false\" data-particle-mobile-disabled=\"false\" class=\"elementor-element elementor-element-9d46cb5 e-flex e-con-boxed e-con e-parent\" data-id=\"9d46cb5\" data-element_type=\"container\" data-settings=\"{&quot;ekit_has_onepagescroll_dot&quot;:&quot;yes&quot;}\">\n\t\t\t\t\t<div class=\"e-con-inner\">\n\t\t\t\t<div class=\"elementor-element elementor-element-1917e47 elementor-widget elementor-widget-heading\" data-id=\"1917e47\" data-element_type=\"widget\" data-settings=\"{&quot;ekit_we_effect_on&quot;:&quot;none&quot;}\" data-widget_type=\"heading.default\">\n\t\t\t\t<div class=\"elementor-widget-container\">\n\t\t\t\t\t<h2 class=\"elementor-heading-title elementor-size-default\">Zgodovina<\/h2>\t\t\t\t<\/div>\n\t\t\t\t<\/div>\n\t\t\t\t<div class=\"elementor-element elementor-element-a5f987b elementor-widget elementor-widget-text-editor\" data-id=\"a5f987b\" data-element_type=\"widget\" data-settings=\"{&quot;ekit_we_effect_on&quot;:&quot;none&quot;}\" data-widget_type=\"text-editor.default\">\n\t\t\t\t<div class=\"elementor-widget-container\">\n\t\t\t\t\t\t\t\t\t<p>Med letoma 1993 in 1997 je v zbirki Piramida iz\u0161lo pet monografij:<\/p><ul><li>Janez Mrdav\u0161i\u010d, Jo\u017ee Poga\u010dnik, 1993: <strong><em>Pre\u017eihov Voranc: 1893-1993: zbornik prispevkov s simpozija ob 100-letnici rojstva.<\/em><\/strong> Maribor: Kulturni forum. (Piramida 1).<\/li><li>Majda Potrata, 1994: <strong><em>Pesni\u0161tvo Leopolda Volkmerja<\/em><\/strong><em>.<\/em> Maribor: Kulturni forum. (Piramida 2).<\/li><li>Zinka Zorko, 1995: <strong><em>Nare\u010dna podoba Dravske doline<\/em><\/strong>. Maribor: Pedago\u0161ka fakulteta. (Piramida 3).<\/li><li>Marko Jesen\u0161ek, Viktor Vrbnjak, 1996: <strong><em>Borkov zbornik: referati s simpozija<\/em><\/strong>. Maribor: Slavisti\u010dno dru\u0161tvo Maribor. (Piramida 4)<\/li><li>Mirko Kri\u017eman, 1997:<strong><em> Jezikovna razmerja: jezik pragmatike in estetike v obmejnih predelih ob Muri<\/em><\/strong>. Maribor: Slavisti\u010dno dru\u0161tvo Maribor. (Piramida 5).<\/li><\/ul><p>Leta 1998 je bila zbirka Piramida prenesena pod okrilje Slavisti\u010dnega dru\u0161tva Maribor. Ob te se je spremenilo tudi ime zbirke, to je v zbirko Zora. Prva monografija, ki je iz\u0161la v zbirki <strong>Zora<\/strong>:<\/p><ul><li>Jo\u017ee Lipnik, 1998: <strong><em>Volkmerjev zbornik: referati s simpozija v Destrniku.<\/em><\/strong> Maribor: Slavisti\u010dno dru\u0161tvo Maribor (Zora 1).\u00a0<\/li><\/ul><p>Do leta 2007 je pri tej zbirki pod okriljem Slavisti\u010dnega dru\u0161tva iz\u0161lo 45 monografij: <br \/>Nekaj naslovnic monografij, ki so iz\u0161le le pri dru\u0161tvu:<\/p>\t\t\t\t\t\t\t\t<\/div>\n\t\t\t\t<\/div>\n\t\t\t\t<div class=\"elementor-element elementor-element-b0dd9c1 gallery-spacing-custom elementor-widget elementor-widget-image-gallery\" data-id=\"b0dd9c1\" data-element_type=\"widget\" data-settings=\"{&quot;ekit_we_effect_on&quot;:&quot;none&quot;}\" data-widget_type=\"image-gallery.default\">\n\t\t\t\t<div class=\"elementor-widget-container\">\n\t\t\t\t\t\t\t<div class=\"elementor-image-gallery\">\n\t\t\t<div id='gallery-1' class='gallery galleryid-1700 gallery-columns-4 gallery-size-full'><figure class='gallery-item'>\n\t\t\t<div class='gallery-icon portrait'>\n\t\t\t\t<img fetchpriority=\"high\" decoding=\"async\" width=\"298\" height=\"424\" src=\"https:\/\/sdmb.si\/wp-content\/uploads\/2025\/07\/submission_26_26_coverImage_t.jpg\" class=\"attachment-full size-full\" alt=\"Dajnkov zbornik: referati s simpozija v \u010cre\u0161njevcih\" aria-describedby=\"gallery-1-1927\" srcset=\"https:\/\/sdmb.si\/wp-content\/uploads\/2025\/07\/submission_26_26_coverImage_t.jpg 298w, https:\/\/sdmb.si\/wp-content\/uploads\/2025\/07\/submission_26_26_coverImage_t-211x300.jpg 211w, https:\/\/sdmb.si\/wp-content\/uploads\/2025\/07\/submission_26_26_coverImage_t-8x12.jpg 8w\" sizes=\"(max-width: 298px) 100vw, 298px\" \/>\n\t\t\t<\/div>\n\t\t\t\t<figcaption class='wp-caption-text gallery-caption' id='gallery-1-1927'>\n\t\t\t\tDajnkov zbornik: referati s simpozija v \u010cre\u0161njevcih\n\n\t\t\t\t<\/figcaption><\/figure><figure class='gallery-item'>\n\t\t\t<div class='gallery-icon portrait'>\n\t\t\t\t<img decoding=\"async\" width=\"298\" height=\"424\" src=\"https:\/\/sdmb.si\/wp-content\/uploads\/2025\/07\/submission_67_67_coverImage_t.jpg\" class=\"attachment-full size-full\" alt=\"Jezikovna predanost: akademiku prof. dr. Jo\u017eetu Topori\u0161i\u010du ob 80-letnici\" aria-describedby=\"gallery-1-1931\" srcset=\"https:\/\/sdmb.si\/wp-content\/uploads\/2025\/07\/submission_67_67_coverImage_t.jpg 298w, https:\/\/sdmb.si\/wp-content\/uploads\/2025\/07\/submission_67_67_coverImage_t-211x300.jpg 211w, https:\/\/sdmb.si\/wp-content\/uploads\/2025\/07\/submission_67_67_coverImage_t-8x12.jpg 8w\" sizes=\"(max-width: 298px) 100vw, 298px\" \/>\n\t\t\t<\/div>\n\t\t\t\t<figcaption class='wp-caption-text gallery-caption' id='gallery-1-1931'>\n\t\t\t\tJezikovna predanost: akademiku prof. dr. Jo\u017eetu Topori\u0161i\u010du ob 80-letnici\n\t\t\t\t<\/figcaption><\/figure><figure class='gallery-item'>\n\t\t\t<div class='gallery-icon portrait'>\n\t\t\t\t<img decoding=\"async\" width=\"1800\" height=\"2560\" src=\"https:\/\/sdmb.si\/wp-content\/uploads\/2025\/07\/IMG_20250526_115254-scaled.jpg\" class=\"attachment-full size-full\" alt=\"Besednodru\u017einski slovar slovenskega jezika - Poskusni zvezek za izto\u010dnice na B\" aria-describedby=\"gallery-1-1935\" srcset=\"https:\/\/sdmb.si\/wp-content\/uploads\/2025\/07\/IMG_20250526_115254-scaled.jpg 1800w, https:\/\/sdmb.si\/wp-content\/uploads\/2025\/07\/IMG_20250526_115254-211x300.jpg 211w, https:\/\/sdmb.si\/wp-content\/uploads\/2025\/07\/IMG_20250526_115254-720x1024.jpg 720w, https:\/\/sdmb.si\/wp-content\/uploads\/2025\/07\/IMG_20250526_115254-768x1092.jpg 768w, https:\/\/sdmb.si\/wp-content\/uploads\/2025\/07\/IMG_20250526_115254-1080x1536.jpg 1080w, https:\/\/sdmb.si\/wp-content\/uploads\/2025\/07\/IMG_20250526_115254-1440x2048.jpg 1440w, https:\/\/sdmb.si\/wp-content\/uploads\/2025\/07\/IMG_20250526_115254-8x12.jpg 8w\" sizes=\"(max-width: 1800px) 100vw, 1800px\" \/>\n\t\t\t<\/div>\n\t\t\t\t<figcaption class='wp-caption-text gallery-caption' id='gallery-1-1935'>\n\t\t\t\tBesednodru\u017einski slovar slovenskega jezika &#8211;\nPoskusni zvezek za izto\u010dnice na B\n\t\t\t\t<\/figcaption><\/figure>\n\t\t<\/div>\n\t\t<\/div>\n\t\t\t\t\t\t<\/div>\n\t\t\t\t<\/div>\n\t\t\t\t<div class=\"elementor-element elementor-element-84668ad elementor-widget elementor-widget-text-editor\" data-id=\"84668ad\" data-element_type=\"widget\" data-settings=\"{&quot;ekit_we_effect_on&quot;:&quot;none&quot;}\" data-widget_type=\"text-editor.default\">\n\t\t\t\t<div class=\"elementor-widget-container\">\n\t\t\t\t\t\t\t\t\t<p>\u00a0<\/p><ul><li>Zadnja je bila monografija: Simona Pulko, 2007: <strong><em>Sporo\u010danje v osnovni \u0161oli<\/em><\/strong>. Maribor: Slavisti\u010dno dru\u0161tvo Maribor. (Zora 45).<\/li><\/ul><p>\u00a0<\/p><p>\u00a0<\/p>\t\t\t\t\t\t\t\t<\/div>\n\t\t\t\t<\/div>\n\t\t\t\t<div class=\"elementor-element elementor-element-377fccc clan2 elementor-widget elementor-widget-heading\" data-id=\"377fccc\" data-element_type=\"widget\" data-settings=\"{&quot;ekit_we_effect_on&quot;:&quot;none&quot;}\" data-widget_type=\"heading.default\">\n\t\t\t\t<div class=\"elementor-widget-container\">\n\t\t\t\t\t<h2 class=\"elementor-heading-title elementor-size-default\">2024<\/h2>\t\t\t\t<\/div>\n\t\t\t\t<\/div>\n\t\t\t\t<div class=\"elementor-element elementor-element-0179e83 elementor-widget elementor-widget-text-editor\" data-id=\"0179e83\" data-element_type=\"widget\" data-settings=\"{&quot;ekit_we_effect_on&quot;:&quot;none&quot;}\" data-widget_type=\"text-editor.default\">\n\t\t\t\t<div class=\"elementor-widget-container\">\n\t\t\t\t\t\t\t\t\t<p>Dru\u0161tvo je izdajatelj ali soizdajatelj \u0161e drugih publikacij.\u00a0<\/p><p><span data-teams=\"true\">A) Zbornikov povzetkov z mednarodnih konferenc Slavisti\u010dni znanstveni premisleki:<\/span><\/p><ul><li>2024: <a href=\"https:\/\/szp7.ff.um.si\/wp-content\/uploads\/2024\/05\/zbornik-povzetkov.pdf\">https:\/\/szp7.ff.um.si\/wp-content\/uploads\/2024\/05\/zbornik-povzetkov.pdf<\/a><\/li><li>2025: <a href=\"https:\/\/sdmb.si\/wp-content\/uploads\/2025\/05\/Zbornik-povzetkov_Booklet-of-Abstracts60.pdf\">https:\/\/sdmb.si\/wp-content\/uploads\/2025\/05\/Zbornik-povzetkov_Booklet-of-Abstracts60.pdf<\/a><\/li><\/ul><p><span data-teams=\"true\"><br \/>B) Monografskih publikacij:<\/span><\/p><ul><li><span data-teams=\"true\"><a href=\"https:\/\/press.um.si\/index.php\/ump\/catalog\/book\/936\">Preu\u010devanje otro\u0161ke in mladinske knji\u017eevnosti<\/a><\/span><\/li><\/ul><ul><li><span data-teams=\"true\"><a href=\"https:\/\/sdmb.si\/wp-content\/uploads\/2025\/07\/zbornik-koncni.pdf\">Mu\u0161\u010dev zbornik<\/a><\/span><\/li><\/ul>\t\t\t\t\t\t\t\t<\/div>\n\t\t\t\t<\/div>\n\t\t\t\t<div class=\"elementor-element elementor-element-41f7a18 gallery-spacing-custom elementor-widget elementor-widget-image-gallery\" data-id=\"41f7a18\" data-element_type=\"widget\" data-settings=\"{&quot;ekit_we_effect_on&quot;:&quot;none&quot;}\" data-widget_type=\"image-gallery.default\">\n\t\t\t\t<div class=\"elementor-widget-container\">\n\t\t\t\t\t\t\t<div class=\"elementor-image-gallery\">\n\t\t\t<div id='gallery-2' class='gallery galleryid-1700 gallery-columns-4 gallery-size-full'><figure class='gallery-item'>\n\t\t\t<div class='gallery-icon portrait'>\n\t\t\t\t<img loading=\"lazy\" decoding=\"async\" width=\"298\" height=\"424\" src=\"https:\/\/sdmb.si\/wp-content\/uploads\/2025\/07\/submission_936_1111_coverImage_sl_t.jpg\" class=\"attachment-full size-full\" alt=\"Preu\u010devanje otro\u0161ke in mladinske knji\u017eevnosti\" aria-describedby=\"gallery-2-1943\" srcset=\"https:\/\/sdmb.si\/wp-content\/uploads\/2025\/07\/submission_936_1111_coverImage_sl_t.jpg 298w, https:\/\/sdmb.si\/wp-content\/uploads\/2025\/07\/submission_936_1111_coverImage_sl_t-211x300.jpg 211w, https:\/\/sdmb.si\/wp-content\/uploads\/2025\/07\/submission_936_1111_coverImage_sl_t-8x12.jpg 8w\" sizes=\"(max-width: 298px) 100vw, 298px\" \/>\n\t\t\t<\/div>\n\t\t\t\t<figcaption class='wp-caption-text gallery-caption' id='gallery-2-1943'>\n\t\t\t\tPreu\u010devanje otro\u0161ke in mladinske knji\u017eevnosti\n\t\t\t\t<\/figcaption><\/figure><figure class='gallery-item'>\n\t\t\t<div class='gallery-icon portrait'>\n\t\t\t\t<img loading=\"lazy\" decoding=\"async\" width=\"1762\" height=\"2560\" src=\"https:\/\/sdmb.si\/wp-content\/uploads\/2025\/07\/naslovnica--scaled.jpg\" class=\"attachment-full size-full\" alt=\"Mur\u0161\u010dev zbornik\" aria-describedby=\"gallery-2-1944\" srcset=\"https:\/\/sdmb.si\/wp-content\/uploads\/2025\/07\/naslovnica--scaled.jpg 1762w, https:\/\/sdmb.si\/wp-content\/uploads\/2025\/07\/naslovnica--207x300.jpg 207w, https:\/\/sdmb.si\/wp-content\/uploads\/2025\/07\/naslovnica--705x1024.jpg 705w, https:\/\/sdmb.si\/wp-content\/uploads\/2025\/07\/naslovnica--768x1116.jpg 768w, https:\/\/sdmb.si\/wp-content\/uploads\/2025\/07\/naslovnica--1057x1536.jpg 1057w, https:\/\/sdmb.si\/wp-content\/uploads\/2025\/07\/naslovnica--1410x2048.jpg 1410w, https:\/\/sdmb.si\/wp-content\/uploads\/2025\/07\/naslovnica--8x12.jpg 8w\" sizes=\"(max-width: 1762px) 100vw, 1762px\" \/>\n\t\t\t<\/div>\n\t\t\t\t<figcaption class='wp-caption-text gallery-caption' id='gallery-2-1944'>\n\t\t\t\tMur\u0161\u010dev zbornik\n\t\t\t\t<\/figcaption><\/figure>\n\t\t<\/div>\n\t\t<\/div>\n\t\t\t\t\t\t<\/div>\n\t\t\t\t<\/div>\n\t\t\t\t<div class=\"elementor-element elementor-element-848e86e elementor-widget elementor-widget-text-editor\" data-id=\"848e86e\" data-element_type=\"widget\" data-settings=\"{&quot;ekit_we_effect_on&quot;:&quot;none&quot;}\" data-widget_type=\"text-editor.default\">\n\t\t\t\t<div class=\"elementor-widget-container\">\n\t\t\t\t\t\t\t\t\t<p>\u00a0<\/p><p>\u00a0<\/p>\t\t\t\t\t\t\t\t<\/div>\n\t\t\t\t<\/div>\n\t\t\t\t<div class=\"elementor-element elementor-element-7e1d4a8 clan2 elementor-widget elementor-widget-heading\" data-id=\"7e1d4a8\" data-element_type=\"widget\" id=\"clan2\" data-settings=\"{&quot;ekit_we_effect_on&quot;:&quot;none&quot;}\" data-widget_type=\"heading.default\">\n\t\t\t\t<div class=\"elementor-widget-container\">\n\t\t\t\t\t<h2 class=\"elementor-heading-title elementor-size-default\">2025<\/h2>\t\t\t\t<\/div>\n\t\t\t\t<\/div>\n\t\t\t\t<div class=\"elementor-element elementor-element-6c5d3ef elementor-widget elementor-widget-text-editor\" data-id=\"6c5d3ef\" data-element_type=\"widget\" data-settings=\"{&quot;ekit_we_effect_on&quot;:&quot;none&quot;}\" data-widget_type=\"text-editor.default\">\n\t\t\t\t<div class=\"elementor-widget-container\">\n\t\t\t\t\t\t\t\t\t<p><span style=\"font-family: -apple-system, BlinkMacSystemFont, 'Segoe UI', Roboto, 'Helvetica Neue', Arial, 'Noto Sans', sans-serif, 'Apple Color Emoji', 'Segoe UI Emoji', 'Segoe UI Symbol', 'Noto Color Emoji';\">Od leta 2025 zbirka Zora in revija <\/span><i style=\"font-family: -apple-system, BlinkMacSystemFont, 'Segoe UI', Roboto, 'Helvetica Neue', Arial, 'Noto Sans', sans-serif, 'Apple Color Emoji', 'Segoe UI Emoji', 'Segoe UI Symbol', 'Noto Color Emoji';\">Slavia Centralis<\/i><span style=\"font-family: -apple-system, BlinkMacSystemFont, 'Segoe UI', Roboto, 'Helvetica Neue', Arial, 'Noto Sans', sans-serif, 'Apple Color Emoji', 'Segoe UI Emoji', 'Segoe UI Symbol', 'Noto Color Emoji';\"> izhajata v sozalo\u017eni\u0161tvu med Slavisti\u010dnim dru\u0161tvom Maribor in Univerzitetno zalo\u017ebo Univerze v Mariboru:\u00a0<\/span><\/p><ul><li><i><\/i><h4><a href=\"https:\/\/press.um.si\/index.php\/ump\/catalog\/series\/zora\/\">Zora<\/a><\/h4><\/li><li><h4><em><a href=\"https:\/\/journals.um.si\/index.php\/slaviacentralis\/issue\/archive\">Slavia Centralis<\/a><\/em><\/h4><\/li><\/ul><div><span lang=\"SL\">Univerzitetna zalo\u017eba Univerze v Mariboru skladno z dogovorom o sodelovanju \u0161e naprej zagotavlja spletno stran tako za zbirko Zora kot tudi za revijo Slavia Centralis. Na na\u0161i strani tako navajamo le povezavo do obeh spletnih strani<\/span><\/div>\t\t\t\t\t\t\t\t<\/div>\n\t\t\t\t<\/div>\n\t\t\t\t\t<\/div>\n\t\t\t\t<\/div>\n\t\t<div data-particle_enable=\"false\" data-particle-mobile-disabled=\"false\" class=\"elementor-element elementor-element-9d4a877 e-flex e-con-boxed e-con e-parent\" data-id=\"9d4a877\" data-element_type=\"container\" data-settings=\"{&quot;ekit_has_onepagescroll_dot&quot;:&quot;yes&quot;}\">\n\t\t\t\t\t<div class=\"e-con-inner\">\n\t\t\t\t\t<\/div>\n\t\t\t\t<\/div>\n\t\t\t\t<\/div>","protected":false},"excerpt":{"rendered":"<p>Domov Najbolj znana in v strokovni javnosti odmevna zalo\u017eni\u0161ka dejavnost Slavisti\u010dnega dru\u0161tva Maribor je zagotovo knji\u017ena zbirka Zora. A ta zbirka je imela svojo predhodnico, to je zbirka Piramida. Od [&hellip;]<\/p>","protected":false},"author":1,"featured_media":1752,"parent":0,"menu_order":0,"comment_status":"closed","ping_status":"closed","template":"","meta":{"pagelayer_contact_templates":[],"_pagelayer_content":"","footnotes":""},"class_list":["post-1700","page","type-page","status-publish","has-post-thumbnail","hentry"],"_links":{"self":[{"href":"https:\/\/sdmb.si\/en\/wp-json\/wp\/v2\/pages\/1700","targetHints":{"allow":["GET"]}}],"collection":[{"href":"https:\/\/sdmb.si\/en\/wp-json\/wp\/v2\/pages"}],"about":[{"href":"https:\/\/sdmb.si\/en\/wp-json\/wp\/v2\/types\/page"}],"author":[{"embeddable":true,"href":"https:\/\/sdmb.si\/en\/wp-json\/wp\/v2\/users\/1"}],"replies":[{"embeddable":true,"href":"https:\/\/sdmb.si\/en\/wp-json\/wp\/v2\/comments?post=1700"}],"version-history":[{"count":142,"href":"https:\/\/sdmb.si\/en\/wp-json\/wp\/v2\/pages\/1700\/revisions"}],"predecessor-version":[{"id":2253,"href":"https:\/\/sdmb.si\/en\/wp-json\/wp\/v2\/pages\/1700\/revisions\/2253"}],"wp:featuredmedia":[{"embeddable":true,"href":"https:\/\/sdmb.si\/en\/wp-json\/wp\/v2\/media\/1752"}],"wp:attachment":[{"href":"https:\/\/sdmb.si\/en\/wp-json\/wp\/v2\/media?parent=1700"}],"curies":[{"name":"wp","href":"https:\/\/api.w.org\/{rel}","templated":true}]}}