{"id":1258,"date":"2025-05-08T15:47:33","date_gmt":"2025-05-08T15:47:33","guid":{"rendered":"https:\/\/sdmb.si\/?page_id=1258"},"modified":"2025-05-08T15:56:00","modified_gmt":"2025-05-08T15:56:00","slug":"porocilo-o-delu","status":"publish","type":"page","link":"https:\/\/sdmb.si\/en\/porocilo-o-delu\/","title":{"rendered":"Poro\u010dilo o delu"},"content":{"rendered":"<div data-elementor-type=\"wp-page\" data-elementor-id=\"1258\" class=\"elementor elementor-1258\" data-elementor-post-type=\"page\">\n\t\t\t\t<div data-particle_enable=\"false\" data-particle-mobile-disabled=\"false\" class=\"elementor-element elementor-element-6fc39a7a e-flex e-con-boxed e-con e-parent\" data-id=\"6fc39a7a\" data-element_type=\"container\" data-settings=\"{&quot;background_background&quot;:&quot;classic&quot;,&quot;ekit_has_onepagescroll_dot&quot;:&quot;yes&quot;}\">\n\t\t\t\t\t<div class=\"e-con-inner\">\n\t\t<div data-particle_enable=\"false\" data-particle-mobile-disabled=\"false\" class=\"elementor-element elementor-element-e62acac e-con-full e-flex e-con e-child\" data-id=\"e62acac\" data-element_type=\"container\" data-settings=\"{&quot;ekit_has_onepagescroll_dot&quot;:&quot;yes&quot;}\">\n\t\t<div data-particle_enable=\"false\" data-particle-mobile-disabled=\"false\" class=\"elementor-element elementor-element-07f9f5a e-con-full e-flex e-con e-child\" data-id=\"07f9f5a\" data-element_type=\"container\" data-settings=\"{&quot;background_background&quot;:&quot;classic&quot;,&quot;ekit_has_onepagescroll_dot&quot;:&quot;yes&quot;}\">\n\t\t\t\t<div class=\"elementor-element elementor-element-71f6d0b elementor-widget elementor-widget-heading\" data-id=\"71f6d0b\" data-element_type=\"widget\" data-settings=\"{&quot;ekit_we_effect_on&quot;:&quot;none&quot;}\" data-widget_type=\"heading.default\">\n\t\t\t\t<div class=\"elementor-widget-container\">\n\t\t\t\t\t<h2 class=\"elementor-heading-title elementor-size-default\">Poro\u010dilo o delu<\/h2>\t\t\t\t<\/div>\n\t\t\t\t<\/div>\n\t\t\t\t<div class=\"elementor-element elementor-element-658f0e6 elementor-widget elementor-widget-text-editor\" data-id=\"658f0e6\" data-element_type=\"widget\" data-settings=\"{&quot;ekit_we_effect_on&quot;:&quot;none&quot;}\" data-widget_type=\"text-editor.default\">\n\t\t\t\t<div class=\"elementor-widget-container\">\n\t\t\t\t\t\t\t\t\t<ul><li><a href=\"https:\/\/sdmb.si\/wp-content\/uploads\/2025\/05\/Porocilo-o-delu-2024.pdf\" target=\"_blank\" rel=\"noopener\">Poro\u010dilo o delu 2024<\/a><\/li><li><a href=\"https:\/\/sdmb.si\/wp-content\/uploads\/2025\/05\/Porocilo-o-delu-202223.pdf\" target=\"_blank\" rel=\"noopener\">Poro\u010dilo o delu 2022\/2023<\/a><\/li><\/ul>\t\t\t\t\t\t\t\t<\/div>\n\t\t\t\t<\/div>\n\t\t\t\t<\/div>\n\t\t\t\t<\/div>\n\t\t\t\t\t<\/div>\n\t\t\t\t<\/div>\n\t\t\t\t<\/div>","protected":false},"excerpt":{"rendered":"<p>Poro\u010dilo o delu Poro\u010dilo o delu 2024 Poro\u010dilo o delu 2022\/2023<\/p>","protected":false},"author":1,"featured_media":0,"parent":0,"menu_order":0,"comment_status":"closed","ping_status":"closed","template":"elementor_header_footer","meta":{"pagelayer_contact_templates":[],"_pagelayer_content":"","footnotes":""},"class_list":["post-1258","page","type-page","status-publish","hentry"],"_links":{"self":[{"href":"https:\/\/sdmb.si\/en\/wp-json\/wp\/v2\/pages\/1258","targetHints":{"allow":["GET"]}}],"collection":[{"href":"https:\/\/sdmb.si\/en\/wp-json\/wp\/v2\/pages"}],"about":[{"href":"https:\/\/sdmb.si\/en\/wp-json\/wp\/v2\/types\/page"}],"author":[{"embeddable":true,"href":"https:\/\/sdmb.si\/en\/wp-json\/wp\/v2\/users\/1"}],"replies":[{"embeddable":true,"href":"https:\/\/sdmb.si\/en\/wp-json\/wp\/v2\/comments?post=1258"}],"version-history":[{"count":13,"href":"https:\/\/sdmb.si\/en\/wp-json\/wp\/v2\/pages\/1258\/revisions"}],"predecessor-version":[{"id":1275,"href":"https:\/\/sdmb.si\/en\/wp-json\/wp\/v2\/pages\/1258\/revisions\/1275"}],"wp:attachment":[{"href":"https:\/\/sdmb.si\/en\/wp-json\/wp\/v2\/media?parent=1258"}],"curies":[{"name":"wp","href":"https:\/\/api.w.org\/{rel}","templated":true}]}}